{"id":131,"date":"2023-09-08T08:23:39","date_gmt":"2023-09-08T08:23:39","guid":{"rendered":"https:\/\/kurs.easywrite.se\/?page_id=131"},"modified":"2023-09-08T18:39:54","modified_gmt":"2023-09-08T18:39:54","slug":"takk_forside","status":"publish","type":"page","link":"https:\/\/kurs.easywrite.se\/","title":{"rendered":"Takk_Forside"},"content":{"rendered":"<p><span><img decoding=\"async\" alt=\"\" data-id=\"99\" width=\"529\" data-init-width=\"616\" height=\"710\" data-init-height=\"827\" title=\"Gabriella\" src=\"https:\/\/kurs.easywrite.se\/wp-content\/uploads\/2023\/03\/Gabriella-.png\" data-width=\"529\" data-height=\"710\" style=\"aspect-ratio: auto 616 \/ 827;\" loading=\"lazy\"><\/span><\/p>\n<h1 style=\"text-align: center;\">Tack f\u00f6r att du vill l\u00e4sa mina tips!<\/h1>\n<p style=\"text-align: center;\">H\u00e4r kan du ladda ner min&nbsp;<strong><span style=\"--tcb-applied-color: var$(--tcb-skin-color-4)  !important; color: var(--tcb-skin-color-4); letter-spacing: 2px;\">GRATIS<\/span><\/strong> PDF.<\/p>\n<h2 style=\"text-align: center;\"><strong>F\u00f6rb\u00e4ttra din skrivf\u00f6rm\u00e5ga gratis!<\/strong><\/h2>\n<\/p>\n<p style=\"text-align: center;\">Har du n\u00e5gonsin \u00f6nskat att du kunde f\u00e5 professionell feedback p\u00e5 din text? Nu \u00e4r din chans!<\/p>\n<p style=\"text-align: center;\">Vi erbjuder dig en unik m\u00f6jlighet att f\u00e5 professionell feedback p\u00e5 din text helt gratis. Ladda upp din text, max 500 ord, och v\u00e5ra redakt\u00f6rer kommer att ge dig v\u00e4rdefulla insikter och r\u00e5d f\u00f6r att f\u00f6rb\u00e4ttra din skrivf\u00f6rm\u00e5ga.&nbsp;<\/p>\n<p style=\"text-align: center;\">Oavsett vilken genre du skriver \u00e4r vi h\u00e4r f\u00f6r att hj\u00e4lpa dig att bli en b\u00e4ttre f\u00f6rfattare. Det \u00e4r en perfekt m\u00f6jlighet att finslipa din skrivstil och ta den till n\u00e4sta niv\u00e5.<\/p>\n<p style=\"text-align: center;\">S\u00e5 varf\u00f6r v\u00e4nta? Klicka p\u00e5 l\u00e4nken nedan, ladda upp din text, och l\u00e5t oss hj\u00e4lpa dig att bli en \u00e4nnu b\u00e4ttre f\u00f6rfattare!<\/p>\n<p style=\"text-align: center;\">&nbsp;<\/p>\n<p><span><img decoding=\"async\" alt=\"\" data-id=\"133\" width=\"520\" data-init-width=\"2000\" height=\"416\" data-init-height=\"1600\" title=\"utgivna elever\" src=\"https:\/\/kurs.easywrite.se\/wp-content\/uploads\/2023\/09\/utgivna-elever.png\" data-width=\"520\" data-height=\"416\" style=\"aspect-ratio: auto 2000 \/ 1600;\" loading=\"lazy\"><\/span><\/p>\n<h2 style=\"\"><strong>EasyWrites utgivna elever<\/strong><\/h2>\n<p style=\"\">EasyWrites elever har en efter en f\u00e5tt sina b\u00f6cker utgivna och fler \u00e4r p\u00e5 g\u00e5ng! Detta g\u00f6r oss v\u00e4ldigt stolta och passar bra ihop med v\u00e5rt motto att skrivandet \u00e4r ett hantverk som alla kan l\u00e4ra sig. P\u00e5 denna sida kan du l\u00e4sa mer om n\u00e5gra av de f\u00f6rfattare som g\u00e5tt EasyWrites kurser. Kanske \u00e4r det du som st\u00e5r p\u00e5 tur?<\/p>\n<\/p>\n<h1 style=\"\">Gabriella Ullberg Westin<\/h1>\n<p dir=\"ltr\">\u00e4r f\u00f6dd 1973 och uppvuxen i Hudiksvall. Hon har studerat kriminologi vid Stockholms universitet och tv-seriemanus vid Stockholms konstn\u00e4rliga h\u00f6gskola, och innan hon blev heltidsf\u00f6rfattare arbetade hon som kommunikationsansvarig p\u00e5 ett av Sveriges st\u00f6rsta telekombolag. Idag ges hennes b\u00f6cker ut i sex l\u00e4nder och har s\u00e5lts i \u00f6ver 300 000 exemplar.<\/p>\n<p dir=\"ltr\">Sagt om <strong>Rokkaserien<\/strong>:<\/p>\n<p dir=\"ltr\">&#8221;Kompetent polisdeckare med v\u00e4lkonstruerad intrig.&#8221; LOTTA OLSSON, DN<\/p>\n<p dir=\"ltr\">&#8221;En svensk deckare som sticker ut.&#8221; SVENSKA DAGBLADET<\/p>\n<p dir=\"ltr\">&#8221;\/Gabriella\/ skriver underh\u00e5llande och sp\u00e4nnande kriminalromaner b\u00e4ttre \u00e4n de flesta.&#8221; NISSE SCHERMAN, DAST MAGAZINE<\/p>\n<p><span><img decoding=\"async\" alt=\"\" data-id=\"95\" width=\"602\" data-init-width=\"1920\" height=\"803\" data-init-height=\"2560\" title=\"Gabriella selfie 3\" src=\"https:\/\/kurs.easywrite.se\/wp-content\/uploads\/2023\/03\/Gabriella-selfie-3-scaled.jpg\" data-width=\"602\" data-height=\"803\" style=\"aspect-ratio: auto 1920 \/ 2560;\" loading=\"lazy\"><\/span><\/p>\n","protected":false},"excerpt":{"rendered":"<p>Tack f\u00f6r att du vill l\u00e4sa mina tips! H\u00e4r kan du ladda ner min&nbsp;GRATIS PDF. F\u00f6rb\u00e4ttra din skrivf\u00f6rm\u00e5ga gratis! Har du n\u00e5gonsin \u00f6nskat att du kunde f\u00e5 professionell feedback p\u00e5 din text? Nu \u00e4r din chans! Vi erbjuder dig en unik m\u00f6jlighet att f\u00e5 professionell feedback p\u00e5 din text helt gratis. Ladda upp din text, [&hellip;]<\/p>\n","protected":false},"author":2,"featured_media":0,"parent":0,"menu_order":0,"comment_status":"closed","ping_status":"closed","template":"","meta":{"footnotes":""},"class_list":["post-131","page","type-page","status-publish","hentry","post-wrapper","thrv_wrapper"],"_links":{"self":[{"href":"https:\/\/kurs.easywrite.se\/index.php?rest_route=\/wp\/v2\/pages\/131","targetHints":{"allow":["GET"]}}],"collection":[{"href":"https:\/\/kurs.easywrite.se\/index.php?rest_route=\/wp\/v2\/pages"}],"about":[{"href":"https:\/\/kurs.easywrite.se\/index.php?rest_route=\/wp\/v2\/types\/page"}],"author":[{"embeddable":true,"href":"https:\/\/kurs.easywrite.se\/index.php?rest_route=\/wp\/v2\/users\/2"}],"replies":[{"embeddable":true,"href":"https:\/\/kurs.easywrite.se\/index.php?rest_route=%2Fwp%2Fv2%2Fcomments&post=131"}],"version-history":[{"count":13,"href":"https:\/\/kurs.easywrite.se\/index.php?rest_route=\/wp\/v2\/pages\/131\/revisions"}],"predecessor-version":[{"id":147,"href":"https:\/\/kurs.easywrite.se\/index.php?rest_route=\/wp\/v2\/pages\/131\/revisions\/147"}],"wp:attachment":[{"href":"https:\/\/kurs.easywrite.se\/index.php?rest_route=%2Fwp%2Fv2%2Fmedia&parent=131"}],"curies":[{"name":"wp","href":"https:\/\/api.w.org\/{rel}","templated":true}]}}